{"id":6121,"date":"2023-08-01T19:49:47","date_gmt":"2023-08-01T19:49:47","guid":{"rendered":"https:\/\/www.lasthairline.com\/?page_id=6121"},"modified":"2025-09-22T06:35:53","modified_gmt":"2025-09-22T06:35:53","slug":"biz-kimiz","status":"publish","type":"page","link":"https:\/\/www.lasthairline.com\/tr\/biz-kimiz\/","title":{"rendered":"Biz Kimiz ?"},"content":{"rendered":"\t\t<div data-elementor-type=\"wp-page\" data-elementor-id=\"6121\" class=\"elementor elementor-6121\">\n\t\t\t\t\t\t<section class=\"elementor-section elementor-top-section elementor-element elementor-element-4cbc5c3 elementor-section-height-min-height elementor-section-boxed elementor-section-height-default elementor-section-items-middle\" data-id=\"4cbc5c3\" data-element_type=\"section\" data-e-type=\"section\" data-settings=\"{&quot;background_background&quot;:&quot;classic&quot;}\">\n\t\t\t\t\t\t<div class=\"elementor-container elementor-column-gap-default\">\n\t\t\t\t\t<div class=\"elementor-column elementor-col-100 elementor-top-column elementor-element elementor-element-02f4583\" data-id=\"02f4583\" data-element_type=\"column\" data-e-type=\"column\">\n\t\t\t<div class=\"elementor-widget-wrap elementor-element-populated\">\n\t\t\t\t\t\t<div class=\"elementor-element elementor-element-617a685 elementor-widget elementor-widget-heading\" data-id=\"617a685\" data-element_type=\"widget\" data-e-type=\"widget\" data-widget_type=\"heading.default\">\n\t\t\t\t<div class=\"elementor-widget-container\">\n\t\t\t\t\t<h2 class=\"elementor-heading-title elementor-size-default\">Hakk\u0131m\u0131zda<\/h2>\t\t\t\t<\/div>\n\t\t\t\t<\/div>\n\t\t\t\t\t<\/div>\n\t\t<\/div>\n\t\t\t\t\t<\/div>\n\t\t<\/section>\n\t\t\t\t<section class=\"elementor-section elementor-top-section elementor-element elementor-element-7048dae elementor-section-boxed elementor-section-height-default elementor-section-height-default\" data-id=\"7048dae\" data-element_type=\"section\" data-e-type=\"section\">\n\t\t\t\t\t\t<div class=\"elementor-container elementor-column-gap-default\">\n\t\t\t\t\t<div class=\"elementor-column elementor-col-100 elementor-top-column elementor-element elementor-element-3befdab\" data-id=\"3befdab\" data-element_type=\"column\" data-e-type=\"column\">\n\t\t\t<div class=\"elementor-widget-wrap elementor-element-populated\">\n\t\t\t\t\t\t<section class=\"elementor-section elementor-inner-section elementor-element elementor-element-42de49d elementor-reverse-tablet elementor-section-boxed elementor-section-height-default elementor-section-height-default\" data-id=\"42de49d\" data-element_type=\"section\" data-e-type=\"section\">\n\t\t\t\t\t\t<div class=\"elementor-container elementor-column-gap-default\">\n\t\t\t\t\t<div class=\"elementor-column elementor-col-100 elementor-inner-column elementor-element elementor-element-8783aae\" data-id=\"8783aae\" data-element_type=\"column\" data-e-type=\"column\" data-settings=\"{&quot;background_background&quot;:&quot;classic&quot;}\">\n\t\t\t<div class=\"elementor-widget-wrap elementor-element-populated\">\n\t\t\t\t\t\t<div class=\"elementor-element elementor-element-e9ef599 elementor-widget elementor-widget-heading\" data-id=\"e9ef599\" data-element_type=\"widget\" data-e-type=\"widget\" data-widget_type=\"heading.default\">\n\t\t\t\t<div class=\"elementor-widget-container\">\n\t\t\t\t\t<h2 class=\"elementor-heading-title elementor-size-default\">Last Hair Line<\/h2>\t\t\t\t<\/div>\n\t\t\t\t<\/div>\n\t\t\t\t<div class=\"elementor-element elementor-element-e7e2cd0 elementor-widget elementor-widget-heading\" data-id=\"e7e2cd0\" data-element_type=\"widget\" data-e-type=\"widget\" data-widget_type=\"heading.default\">\n\t\t\t\t<div class=\"elementor-widget-container\">\n\t\t\t\t\t<h2 class=\"elementor-heading-title elementor-size-default\">Hakk\u0131m\u0131zda<\/h2>\t\t\t\t<\/div>\n\t\t\t\t<\/div>\n\t\t\t\t<div class=\"elementor-element elementor-element-3370607 elementor-widget elementor-widget-text-editor\" data-id=\"3370607\" data-element_type=\"widget\" data-e-type=\"widget\" data-widget_type=\"text-editor.default\">\n\t\t\t\t<div class=\"elementor-widget-container\">\n\t\t\t\t\t\t\t\t\t<p>Last Hair Line, y\u0131llar\u0131n tecr\u00fcbesine sahip uzman doktorlar ve profesyonel sa\u00e7 ekim uzmanlar\u0131 ile sa\u00e7, sakal, b\u0131y\u0131k ve ka\u015f ekimi yapan global bir \u015firkettir.<\/p><p>Alan\u0131nda 12 y\u0131ll\u0131k tecr\u00fcbeye sahip uzman kadromuz ile do\u011fal g\u00f6r\u00fcn\u00fcml\u00fc, ba\u015far\u0131l\u0131 sonu\u00e7lara ula\u015f\u0131yoruz. Sa\u00e7 ekimi basit bir i\u015flem olmay\u0131p ciddi sorumluluk ve profesyonellik gerektiren bir s\u00fcre\u00e7tir. T\u00fcm \u00e7al\u0131\u015fmalar\u0131m\u0131zda hastalar\u0131m\u0131z\u0131n sa\u011fl\u0131\u011f\u0131 ve g\u00fcvenli\u011fi en \u00f6nemli kayg\u0131m\u0131zd\u0131r. Bu nedenle t\u00fcm operasyonlar\u0131m\u0131z steril ortamda yap\u0131lmaktad\u0131r.<\/p><p>Misafirlerimizin memnuniyeti ve konforu Last Hair Line&#8217;\u0131n en \u00f6nemli ilkelerinden biridir, bu nedenle tam donan\u0131ml\u0131 hastanemizde konaklamadan transfere, transferden operasyona kadar misafirlerimizin en iyi hizmeti almalar\u0131n\u0131 sa\u011flamaktay\u0131z.<\/p>\t\t\t\t\t\t\t\t<\/div>\n\t\t\t\t<\/div>\n\t\t\t\t<div class=\"elementor-element elementor-element-06a8185 elementor-widget elementor-widget-heading\" data-id=\"06a8185\" data-element_type=\"widget\" data-e-type=\"widget\" data-widget_type=\"heading.default\">\n\t\t\t\t<div class=\"elementor-widget-container\">\n\t\t\t\t\t<h2 class=\"elementor-heading-title elementor-size-default\">Misyonumuz<\/h2>\t\t\t\t<\/div>\n\t\t\t\t<\/div>\n\t\t\t\t<div class=\"elementor-element elementor-element-6b50138 elementor-widget elementor-widget-text-editor\" data-id=\"6b50138\" data-element_type=\"widget\" data-e-type=\"widget\" data-widget_type=\"text-editor.default\">\n\t\t\t\t<div class=\"elementor-widget-container\">\n\t\t\t\t\t\t\t\t\t<p>D\u00fcnya \u00e7ap\u0131nda kabul g\u00f6rm\u00fc\u015f FDA onayl\u0131 \u00fcr\u00fcnlerle sa\u00e7 ekiminde en son teknolojiyi kullanarak yerli ve yabanc\u0131 hastalar\u0131m\u0131za en y\u00fcksek standartlarda sa\u00e7 tedavileri ve sa\u00e7 ekimi sa\u011fl\u0131yoruz.<\/p>\t\t\t\t\t\t\t\t<\/div>\n\t\t\t\t<\/div>\n\t\t\t\t<div class=\"elementor-element elementor-element-8fe30c8 elementor-widget elementor-widget-heading\" data-id=\"8fe30c8\" data-element_type=\"widget\" data-e-type=\"widget\" data-widget_type=\"heading.default\">\n\t\t\t\t<div class=\"elementor-widget-container\">\n\t\t\t\t\t<h2 class=\"elementor-heading-title elementor-size-default\">Vizyonumuz<\/h2>\t\t\t\t<\/div>\n\t\t\t\t<\/div>\n\t\t\t\t<div class=\"elementor-element elementor-element-69d7107 elementor-widget elementor-widget-text-editor\" data-id=\"69d7107\" data-element_type=\"widget\" data-e-type=\"widget\" data-widget_type=\"text-editor.default\">\n\t\t\t\t<div class=\"elementor-widget-container\">\n\t\t\t\t\t\t\t\t\t<p>Etik, g\u00fcvenilir ve uzman \u00e7al\u0131\u015fanlar\u0131 ile misafirlerimize sundu\u011fu y\u00fcksek kaliteli hizmet standartlar\u0131n\u0131 en y\u00fcksek standartlarda tutarak \u015firketimizin kalite ve g\u00fcven kavramlar\u0131 alt\u0131nda bilinmesini istiyoruz.<\/p>\t\t\t\t\t\t\t\t<\/div>\n\t\t\t\t<\/div>\n\t\t\t\t\t<\/div>\n\t\t<\/div>\n\t\t\t\t\t<\/div>\n\t\t<\/section>\n\t\t\t\t\t<\/div>\n\t\t<\/div>\n\t\t\t\t\t<\/div>\n\t\t<\/section>\n\t\t\t\t<\/div>\n\t\t","protected":false},"excerpt":{"rendered":"<p>Hakk\u0131m\u0131zda Last Hair Line Hakk\u0131m\u0131zda Last Hair Line, y\u0131llar\u0131n tecr\u00fcbesine sahip uzman doktorlar ve profesyonel sa\u00e7 ekim uzmanlar\u0131 ile sa\u00e7, sakal, b\u0131y\u0131k ve ka\u015f ekimi yapan global bir \u015firkettir. Alan\u0131nda 12 y\u0131ll\u0131k tecr\u00fcbeye sahip uzman kadromuz ile do\u011fal g\u00f6r\u00fcn\u00fcml\u00fc, ba\u015far\u0131l\u0131 sonu\u00e7lara ula\u015f\u0131yoruz. Sa\u00e7 ekimi basit bir i\u015flem olmay\u0131p ciddi sorumluluk ve profesyonellik gerektiren bir s\u00fcre\u00e7tir. [&hellip;]<\/p>\n","protected":false},"author":1,"featured_media":0,"parent":0,"menu_order":0,"comment_status":"closed","ping_status":"closed","template":"elementor_header_footer","meta":{"footnotes":""},"class_list":["post-6121","page","type-page","status-publish","hentry"],"_links":{"self":[{"href":"https:\/\/www.lasthairline.com\/tr\/wp-json\/wp\/v2\/pages\/6121","targetHints":{"allow":["GET"]}}],"collection":[{"href":"https:\/\/www.lasthairline.com\/tr\/wp-json\/wp\/v2\/pages"}],"about":[{"href":"https:\/\/www.lasthairline.com\/tr\/wp-json\/wp\/v2\/types\/page"}],"author":[{"embeddable":true,"href":"https:\/\/www.lasthairline.com\/tr\/wp-json\/wp\/v2\/users\/1"}],"replies":[{"embeddable":true,"href":"https:\/\/www.lasthairline.com\/tr\/wp-json\/wp\/v2\/comments?post=6121"}],"version-history":[{"count":40,"href":"https:\/\/www.lasthairline.com\/tr\/wp-json\/wp\/v2\/pages\/6121\/revisions"}],"predecessor-version":[{"id":6787,"href":"https:\/\/www.lasthairline.com\/tr\/wp-json\/wp\/v2\/pages\/6121\/revisions\/6787"}],"wp:attachment":[{"href":"https:\/\/www.lasthairline.com\/tr\/wp-json\/wp\/v2\/media?parent=6121"}],"curies":[{"name":"wp","href":"https:\/\/api.w.org\/{rel}","templated":true}]}}