{"id":6175,"date":"2023-08-02T12:51:46","date_gmt":"2023-08-02T12:51:46","guid":{"rendered":"https:\/\/www.lasthairline.com\/?page_id=6175"},"modified":"2025-09-22T06:34:44","modified_gmt":"2025-09-22T06:34:44","slug":"sakal-ekimi","status":"publish","type":"page","link":"https:\/\/www.lasthairline.com\/tr\/sakal-ekimi\/","title":{"rendered":"Sakal Ekimi"},"content":{"rendered":"\t\t<div data-elementor-type=\"wp-page\" data-elementor-id=\"6175\" class=\"elementor elementor-6175\">\n\t\t\t\t\t\t<section class=\"elementor-section elementor-top-section elementor-element elementor-element-4cbc5c3 elementor-section-height-min-height elementor-section-boxed elementor-section-height-default elementor-section-items-middle\" data-id=\"4cbc5c3\" data-element_type=\"section\" data-e-type=\"section\" data-settings=\"{&quot;background_background&quot;:&quot;classic&quot;}\">\n\t\t\t\t\t\t<div class=\"elementor-container elementor-column-gap-default\">\n\t\t\t\t\t<div class=\"elementor-column elementor-col-100 elementor-top-column elementor-element elementor-element-02f4583\" data-id=\"02f4583\" data-element_type=\"column\" data-e-type=\"column\">\n\t\t\t<div class=\"elementor-widget-wrap elementor-element-populated\">\n\t\t\t\t\t\t<div class=\"elementor-element elementor-element-617a685 elementor-widget elementor-widget-heading\" data-id=\"617a685\" data-element_type=\"widget\" data-e-type=\"widget\" data-widget_type=\"heading.default\">\n\t\t\t\t<div class=\"elementor-widget-container\">\n\t\t\t\t\t<h2 class=\"elementor-heading-title elementor-size-default\">Sakal Ekimi<\/h2>\t\t\t\t<\/div>\n\t\t\t\t<\/div>\n\t\t\t\t\t<\/div>\n\t\t<\/div>\n\t\t\t\t\t<\/div>\n\t\t<\/section>\n\t\t\t\t<section class=\"elementor-section elementor-top-section elementor-element elementor-element-7048dae elementor-section-boxed elementor-section-height-default elementor-section-height-default\" data-id=\"7048dae\" data-element_type=\"section\" data-e-type=\"section\">\n\t\t\t\t\t\t<div class=\"elementor-container elementor-column-gap-default\">\n\t\t\t\t\t<div class=\"elementor-column elementor-col-100 elementor-top-column elementor-element elementor-element-3befdab\" data-id=\"3befdab\" data-element_type=\"column\" data-e-type=\"column\">\n\t\t\t<div class=\"elementor-widget-wrap elementor-element-populated\">\n\t\t\t\t\t\t<section class=\"elementor-section elementor-inner-section elementor-element elementor-element-42de49d elementor-reverse-tablet elementor-section-boxed elementor-section-height-default elementor-section-height-default\" data-id=\"42de49d\" data-element_type=\"section\" data-e-type=\"section\">\n\t\t\t\t\t\t<div class=\"elementor-container elementor-column-gap-default\">\n\t\t\t\t\t<div class=\"elementor-column elementor-col-100 elementor-inner-column elementor-element elementor-element-8783aae\" data-id=\"8783aae\" data-element_type=\"column\" data-e-type=\"column\" data-settings=\"{&quot;background_background&quot;:&quot;classic&quot;}\">\n\t\t\t<div class=\"elementor-widget-wrap elementor-element-populated\">\n\t\t\t\t\t\t<div class=\"elementor-element elementor-element-e9ef599 elementor-widget elementor-widget-heading\" data-id=\"e9ef599\" data-element_type=\"widget\" data-e-type=\"widget\" data-widget_type=\"heading.default\">\n\t\t\t\t<div class=\"elementor-widget-container\">\n\t\t\t\t\t<h2 class=\"elementor-heading-title elementor-size-default\">Last Hair Line<\/h2>\t\t\t\t<\/div>\n\t\t\t\t<\/div>\n\t\t\t\t<div class=\"elementor-element elementor-element-e7e2cd0 elementor-widget elementor-widget-heading\" data-id=\"e7e2cd0\" data-element_type=\"widget\" data-e-type=\"widget\" data-widget_type=\"heading.default\">\n\t\t\t\t<div class=\"elementor-widget-container\">\n\t\t\t\t\t<h2 class=\"elementor-heading-title elementor-size-default\">T\u00fcrkiye'de Sakal Ekimi<\/h2>\t\t\t\t<\/div>\n\t\t\t\t<\/div>\n\t\t\t\t<div class=\"elementor-element elementor-element-3370607 elementor-widget elementor-widget-text-editor\" data-id=\"3370607\" data-element_type=\"widget\" data-e-type=\"widget\" data-widget_type=\"text-editor.default\">\n\t\t\t\t<div class=\"elementor-widget-container\">\n\t\t\t\t\t\t\t\t\t<p>Genelde erkek makyaj\u0131 olarak tabir edilen sakallarda pek \u00e7ok ki\u015fi istedi\u011fi g\u00f6r\u00fcn\u00fcm\u00fc elde edememektedir. Sakallar\u0131n\u0131n uzama h\u0131z\u0131ndan rahats\u0131z olanlardan, d\u00fczensiz \u00e7\u0131k\u0131\u015flardan rahats\u0131z olanlardan ve hi\u00e7 sakal \u00e7\u0131karamayacak olmas\u0131ndan rahats\u0131z olanlardan m\u0131s\u0131n\u0131z? Last Hair Time ekibini daha \u00f6nce duydunuz mu? \u0130stedi\u011finiz sakal g\u00f6r\u00fcn\u00fcm\u00fcne kavu\u015fma s\u00fcrecinde size en iyi ve en ba\u015far\u0131l\u0131 hizmeti verecek bir ameliyat ekibi ile \u00e7al\u0131\u015fmak ister misiniz?<\/p><p>Sakal son y\u0131llarda en pop\u00fcler ihtiya\u00e7lardan biri haline geldi. Now Hair Time, y\u00fcz b\u00f6lgesindeki d\u00fczensiz b\u00fcy\u00fcme, seyrek b\u00fcy\u00fcme, yanaktaki incelme gibi konularda size en iyi deneyimi ya\u015fatmak i\u00e7in \u00e7al\u0131\u015fmaya devam ediyor. Erkeklerin sakaldaki rahats\u0131zl\u0131\u011f\u0131 her ge\u00e7en g\u00fcn artmakta ve daha g\u00fczel sakallara kavu\u015fmak i\u00e7in sa\u00e7 ekimi teknolojisine ihtiya\u00e7 duymaktad\u0131rlar.<\/p>\t\t\t\t\t\t\t\t<\/div>\n\t\t\t\t<\/div>\n\t\t\t\t\t<\/div>\n\t\t<\/div>\n\t\t\t\t\t<\/div>\n\t\t<\/section>\n\t\t\t\t\t<\/div>\n\t\t<\/div>\n\t\t\t\t\t<\/div>\n\t\t<\/section>\n\t\t\t\t<\/div>\n\t\t","protected":false},"excerpt":{"rendered":"<p>Sakal Ekimi Last Hair Line T\u00fcrkiye&#8217;de Sakal Ekimi Genelde erkek makyaj\u0131 olarak tabir edilen sakallarda pek \u00e7ok ki\u015fi istedi\u011fi g\u00f6r\u00fcn\u00fcm\u00fc elde edememektedir. Sakallar\u0131n\u0131n uzama h\u0131z\u0131ndan rahats\u0131z olanlardan, d\u00fczensiz \u00e7\u0131k\u0131\u015flardan rahats\u0131z olanlardan ve hi\u00e7 sakal \u00e7\u0131karamayacak olmas\u0131ndan rahats\u0131z olanlardan m\u0131s\u0131n\u0131z? Last Hair Time ekibini daha \u00f6nce duydunuz mu? \u0130stedi\u011finiz sakal g\u00f6r\u00fcn\u00fcm\u00fcne kavu\u015fma s\u00fcrecinde size en iyi [&hellip;]<\/p>\n","protected":false},"author":1,"featured_media":0,"parent":0,"menu_order":0,"comment_status":"closed","ping_status":"closed","template":"elementor_header_footer","meta":{"footnotes":""},"class_list":["post-6175","page","type-page","status-publish","hentry"],"_links":{"self":[{"href":"https:\/\/www.lasthairline.com\/tr\/wp-json\/wp\/v2\/pages\/6175","targetHints":{"allow":["GET"]}}],"collection":[{"href":"https:\/\/www.lasthairline.com\/tr\/wp-json\/wp\/v2\/pages"}],"about":[{"href":"https:\/\/www.lasthairline.com\/tr\/wp-json\/wp\/v2\/types\/page"}],"author":[{"embeddable":true,"href":"https:\/\/www.lasthairline.com\/tr\/wp-json\/wp\/v2\/users\/1"}],"replies":[{"embeddable":true,"href":"https:\/\/www.lasthairline.com\/tr\/wp-json\/wp\/v2\/comments?post=6175"}],"version-history":[{"count":24,"href":"https:\/\/www.lasthairline.com\/tr\/wp-json\/wp\/v2\/pages\/6175\/revisions"}],"predecessor-version":[{"id":6784,"href":"https:\/\/www.lasthairline.com\/tr\/wp-json\/wp\/v2\/pages\/6175\/revisions\/6784"}],"wp:attachment":[{"href":"https:\/\/www.lasthairline.com\/tr\/wp-json\/wp\/v2\/media?parent=6175"}],"curies":[{"name":"wp","href":"https:\/\/api.w.org\/{rel}","templated":true}]}}