{"id":6191,"date":"2023-08-02T13:01:02","date_gmt":"2023-08-02T13:01:02","guid":{"rendered":"https:\/\/www.lasthairline.com\/?page_id=6191"},"modified":"2025-09-22T06:33:59","modified_gmt":"2025-09-22T06:33:59","slug":"biyik-ekimi","status":"publish","type":"page","link":"https:\/\/www.lasthairline.com\/tr\/biyik-ekimi\/","title":{"rendered":"B\u0131y\u0131k Ekimi"},"content":{"rendered":"\t\t<div data-elementor-type=\"wp-page\" data-elementor-id=\"6191\" class=\"elementor elementor-6191\">\n\t\t\t\t\t\t<section class=\"elementor-section elementor-top-section elementor-element elementor-element-4cbc5c3 elementor-section-height-min-height elementor-section-boxed elementor-section-height-default elementor-section-items-middle\" data-id=\"4cbc5c3\" data-element_type=\"section\" data-e-type=\"section\" data-settings=\"{&quot;background_background&quot;:&quot;classic&quot;}\">\n\t\t\t\t\t\t<div class=\"elementor-container elementor-column-gap-default\">\n\t\t\t\t\t<div class=\"elementor-column elementor-col-100 elementor-top-column elementor-element elementor-element-02f4583\" data-id=\"02f4583\" data-element_type=\"column\" data-e-type=\"column\">\n\t\t\t<div class=\"elementor-widget-wrap elementor-element-populated\">\n\t\t\t\t\t\t<div class=\"elementor-element elementor-element-617a685 elementor-widget elementor-widget-heading\" data-id=\"617a685\" data-element_type=\"widget\" data-e-type=\"widget\" data-widget_type=\"heading.default\">\n\t\t\t\t<div class=\"elementor-widget-container\">\n\t\t\t\t\t<h2 class=\"elementor-heading-title elementor-size-default\">B\u0131y\u0131k Ekimi<\/h2>\t\t\t\t<\/div>\n\t\t\t\t<\/div>\n\t\t\t\t\t<\/div>\n\t\t<\/div>\n\t\t\t\t\t<\/div>\n\t\t<\/section>\n\t\t\t\t<section class=\"elementor-section elementor-top-section elementor-element elementor-element-7048dae elementor-section-boxed elementor-section-height-default elementor-section-height-default\" data-id=\"7048dae\" data-element_type=\"section\" data-e-type=\"section\">\n\t\t\t\t\t\t<div class=\"elementor-container elementor-column-gap-default\">\n\t\t\t\t\t<div class=\"elementor-column elementor-col-100 elementor-top-column elementor-element elementor-element-3befdab\" data-id=\"3befdab\" data-element_type=\"column\" data-e-type=\"column\">\n\t\t\t<div class=\"elementor-widget-wrap elementor-element-populated\">\n\t\t\t\t\t\t<section class=\"elementor-section elementor-inner-section elementor-element elementor-element-42de49d elementor-reverse-tablet elementor-section-boxed elementor-section-height-default elementor-section-height-default\" data-id=\"42de49d\" data-element_type=\"section\" data-e-type=\"section\">\n\t\t\t\t\t\t<div class=\"elementor-container elementor-column-gap-default\">\n\t\t\t\t\t<div class=\"elementor-column elementor-col-100 elementor-inner-column elementor-element elementor-element-8783aae\" data-id=\"8783aae\" data-element_type=\"column\" data-e-type=\"column\" data-settings=\"{&quot;background_background&quot;:&quot;classic&quot;}\">\n\t\t\t<div class=\"elementor-widget-wrap elementor-element-populated\">\n\t\t\t\t\t\t<div class=\"elementor-element elementor-element-e9ef599 elementor-widget elementor-widget-heading\" data-id=\"e9ef599\" data-element_type=\"widget\" data-e-type=\"widget\" data-widget_type=\"heading.default\">\n\t\t\t\t<div class=\"elementor-widget-container\">\n\t\t\t\t\t<h2 class=\"elementor-heading-title elementor-size-default\">Last Hair Line<\/h2>\t\t\t\t<\/div>\n\t\t\t\t<\/div>\n\t\t\t\t<div class=\"elementor-element elementor-element-e7e2cd0 elementor-widget elementor-widget-heading\" data-id=\"e7e2cd0\" data-element_type=\"widget\" data-e-type=\"widget\" data-widget_type=\"heading.default\">\n\t\t\t\t<div class=\"elementor-widget-container\">\n\t\t\t\t\t<h2 class=\"elementor-heading-title elementor-size-default\">T\u00fcrkiye'de B\u0131y\u0131k Ekimi<\/h2>\t\t\t\t<\/div>\n\t\t\t\t<\/div>\n\t\t\t\t<div class=\"elementor-element elementor-element-3370607 elementor-widget elementor-widget-text-editor\" data-id=\"3370607\" data-element_type=\"widget\" data-e-type=\"widget\" data-widget_type=\"text-editor.default\">\n\t\t\t\t<div class=\"elementor-widget-container\">\n\t\t\t\t\t\t\t\t\t<p>Son y\u0131llar\u0131n en b\u00fcy\u00fck trendi olan b\u0131y\u0131k uzatmak ve \u015fekillendirmek olduk\u00e7a artt\u0131. B\u0131y\u0131k b\u0131rakmas\u0131 gereken ki\u015filer i\u00e7in profesyonel cerrahlara dan\u0131\u015f\u0131n. B\u0131y\u0131k ekimi T\u00fcrkiye&#8217;de de olduk\u00e7a geli\u015fmi\u015ftir ve uzmanlar taraf\u0131ndan yap\u0131lan bir operasyon olarak da bilinmektedir. B\u0131y\u0131k b\u0131rakmak isteyen erkekler konu hakk\u0131nda daha fazla bilgi almak ve b\u0131y\u0131k ekimi merkezleri ile ileti\u015fime ge\u00e7mek isterler. B\u0131y\u0131k bir moda sembol\u00fc haline geldi ve erkeklerin g\u00f6r\u00fcn\u00fc\u015fleri hakk\u0131nda daha iyi hissetmeleri i\u00e7in b\u00fcy\u00fck bir ihtiya\u00e7 olarak ortaya \u00e7\u0131kt\u0131. Last Hair Time sadece sa\u00e7 ekimi olarak hizmet vermemekte ayn\u0131 zamanda sakal ekimi operasyonlar\u0131n\u0131 da b\u00fcy\u00fck bir titizlikle erkeklerin sakal ihtiyac\u0131na cevap verebilmek i\u00e7in ger\u00e7ekle\u015ftirmektedir.<\/p><p>B\u0131y\u0131k b\u00f6lgesi deforme olan veya b\u0131y\u0131k b\u00f6lgesinde yeterli dolgunlu\u011fa sahip olmayan erkekler ilk etapta do\u011fal ila\u00e7 tedavilerine ba\u015fvurur ancak do\u011fal tedavilerden verim alamay\u0131nca uzman cerrahlarla ileti\u015fime ge\u00e7erek bilgi al\u0131rlar. Operasyon hakk\u0131nda bilgilendirildikten sonra kendilerini b\u0131y\u0131k ekimi operasyonuna haz\u0131r hissederlerse, operasyonu \u0130stanbul&#8217;daki \u00f6zel Markam\u0131zda yapt\u0131rmak isterler.<\/p>\t\t\t\t\t\t\t\t<\/div>\n\t\t\t\t<\/div>\n\t\t\t\t\t<\/div>\n\t\t<\/div>\n\t\t\t\t\t<\/div>\n\t\t<\/section>\n\t\t\t\t\t<\/div>\n\t\t<\/div>\n\t\t\t\t\t<\/div>\n\t\t<\/section>\n\t\t\t\t<\/div>\n\t\t","protected":false},"excerpt":{"rendered":"<p>B\u0131y\u0131k Ekimi Last Hair Line T\u00fcrkiye&#8217;de B\u0131y\u0131k Ekimi Son y\u0131llar\u0131n en b\u00fcy\u00fck trendi olan b\u0131y\u0131k uzatmak ve \u015fekillendirmek olduk\u00e7a artt\u0131. B\u0131y\u0131k b\u0131rakmas\u0131 gereken ki\u015filer i\u00e7in profesyonel cerrahlara dan\u0131\u015f\u0131n. B\u0131y\u0131k ekimi T\u00fcrkiye&#8217;de de olduk\u00e7a geli\u015fmi\u015ftir ve uzmanlar taraf\u0131ndan yap\u0131lan bir operasyon olarak da bilinmektedir. B\u0131y\u0131k b\u0131rakmak isteyen erkekler konu hakk\u0131nda daha fazla bilgi almak ve b\u0131y\u0131k [&hellip;]<\/p>\n","protected":false},"author":1,"featured_media":0,"parent":0,"menu_order":0,"comment_status":"closed","ping_status":"closed","template":"elementor_header_footer","meta":{"footnotes":""},"class_list":["post-6191","page","type-page","status-publish","hentry"],"_links":{"self":[{"href":"https:\/\/www.lasthairline.com\/tr\/wp-json\/wp\/v2\/pages\/6191","targetHints":{"allow":["GET"]}}],"collection":[{"href":"https:\/\/www.lasthairline.com\/tr\/wp-json\/wp\/v2\/pages"}],"about":[{"href":"https:\/\/www.lasthairline.com\/tr\/wp-json\/wp\/v2\/types\/page"}],"author":[{"embeddable":true,"href":"https:\/\/www.lasthairline.com\/tr\/wp-json\/wp\/v2\/users\/1"}],"replies":[{"embeddable":true,"href":"https:\/\/www.lasthairline.com\/tr\/wp-json\/wp\/v2\/comments?post=6191"}],"version-history":[{"count":30,"href":"https:\/\/www.lasthairline.com\/tr\/wp-json\/wp\/v2\/pages\/6191\/revisions"}],"predecessor-version":[{"id":6781,"href":"https:\/\/www.lasthairline.com\/tr\/wp-json\/wp\/v2\/pages\/6191\/revisions\/6781"}],"wp:attachment":[{"href":"https:\/\/www.lasthairline.com\/tr\/wp-json\/wp\/v2\/media?parent=6191"}],"curies":[{"name":"wp","href":"https:\/\/api.w.org\/{rel}","templated":true}]}}