{"id":6383,"date":"2023-08-04T12:49:55","date_gmt":"2023-08-04T12:49:55","guid":{"rendered":"https:\/\/www.lasthairline.com\/?page_id=6383"},"modified":"2025-09-22T06:31:51","modified_gmt":"2025-09-22T06:31:51","slug":"fue-sac-ekimi","status":"publish","type":"page","link":"https:\/\/www.lasthairline.com\/tr\/fue-sac-ekimi\/","title":{"rendered":"FUE Sa\u00e7 Ekimi"},"content":{"rendered":"\t\t<div data-elementor-type=\"wp-page\" data-elementor-id=\"6383\" class=\"elementor elementor-6383\">\n\t\t\t\t\t\t<section class=\"elementor-section elementor-top-section elementor-element elementor-element-4cbc5c3 elementor-section-height-min-height elementor-section-boxed elementor-section-height-default elementor-section-items-middle\" data-id=\"4cbc5c3\" data-element_type=\"section\" data-e-type=\"section\" data-settings=\"{&quot;background_background&quot;:&quot;classic&quot;}\">\n\t\t\t\t\t\t<div class=\"elementor-container elementor-column-gap-default\">\n\t\t\t\t\t<div class=\"elementor-column elementor-col-100 elementor-top-column elementor-element elementor-element-02f4583\" data-id=\"02f4583\" data-element_type=\"column\" data-e-type=\"column\">\n\t\t\t<div class=\"elementor-widget-wrap elementor-element-populated\">\n\t\t\t\t\t\t<div class=\"elementor-element elementor-element-617a685 elementor-widget elementor-widget-heading\" data-id=\"617a685\" data-element_type=\"widget\" data-e-type=\"widget\" data-widget_type=\"heading.default\">\n\t\t\t\t<div class=\"elementor-widget-container\">\n\t\t\t\t\t<h2 class=\"elementor-heading-title elementor-size-default\">FUE Sa\u00e7 Ekimi<\/h2>\t\t\t\t<\/div>\n\t\t\t\t<\/div>\n\t\t\t\t\t<\/div>\n\t\t<\/div>\n\t\t\t\t\t<\/div>\n\t\t<\/section>\n\t\t\t\t<section class=\"elementor-section elementor-top-section elementor-element elementor-element-7048dae elementor-section-boxed elementor-section-height-default elementor-section-height-default\" data-id=\"7048dae\" data-element_type=\"section\" data-e-type=\"section\">\n\t\t\t\t\t\t<div class=\"elementor-container elementor-column-gap-default\">\n\t\t\t\t\t<div class=\"elementor-column elementor-col-100 elementor-top-column elementor-element elementor-element-3befdab\" data-id=\"3befdab\" data-element_type=\"column\" data-e-type=\"column\">\n\t\t\t<div class=\"elementor-widget-wrap elementor-element-populated\">\n\t\t\t\t\t\t<section class=\"elementor-section elementor-inner-section elementor-element elementor-element-42de49d elementor-reverse-tablet elementor-section-boxed elementor-section-height-default elementor-section-height-default\" data-id=\"42de49d\" data-element_type=\"section\" data-e-type=\"section\">\n\t\t\t\t\t\t<div class=\"elementor-container elementor-column-gap-default\">\n\t\t\t\t\t<div class=\"elementor-column elementor-col-100 elementor-inner-column elementor-element elementor-element-8783aae\" data-id=\"8783aae\" data-element_type=\"column\" data-e-type=\"column\" data-settings=\"{&quot;background_background&quot;:&quot;classic&quot;}\">\n\t\t\t<div class=\"elementor-widget-wrap elementor-element-populated\">\n\t\t\t\t\t\t<div class=\"elementor-element elementor-element-e9ef599 elementor-widget elementor-widget-heading\" data-id=\"e9ef599\" data-element_type=\"widget\" data-e-type=\"widget\" data-widget_type=\"heading.default\">\n\t\t\t\t<div class=\"elementor-widget-container\">\n\t\t\t\t\t<h2 class=\"elementor-heading-title elementor-size-default\">Last Hair Line<\/h2>\t\t\t\t<\/div>\n\t\t\t\t<\/div>\n\t\t\t\t<div class=\"elementor-element elementor-element-e7e2cd0 elementor-widget elementor-widget-heading\" data-id=\"e7e2cd0\" data-element_type=\"widget\" data-e-type=\"widget\" data-widget_type=\"heading.default\">\n\t\t\t\t<div class=\"elementor-widget-container\">\n\t\t\t\t\t<h2 class=\"elementor-heading-title elementor-size-default\">T\u00fcrkiye'de FUE Sa\u00e7 Ekimi<\/h2>\t\t\t\t<\/div>\n\t\t\t\t<\/div>\n\t\t\t\t<div class=\"elementor-element elementor-element-3370607 elementor-widget elementor-widget-text-editor\" data-id=\"3370607\" data-element_type=\"widget\" data-e-type=\"widget\" data-widget_type=\"text-editor.default\">\n\t\t\t\t<div class=\"elementor-widget-container\">\n\t\t\t\t\t\t\t\t\t<p>G\u00f6r\u00fcn\u00fcr bir bozuklu\u011fa yol a\u00e7an ve bireylerin \u00f6zg\u00fcvenlerini kaybetmelerine neden olan sa\u00e7 d\u00f6k\u00fclmesi \u015fu \u015fekildedir:<\/p><p>a\u015f\u0131r\u0131 kilo kayb\u0131<br \/>Kullan\u0131lan baz\u0131 ila\u00e7lar (kan suland\u0131r\u0131c\u0131lar, artrit, gut, depresyon ila\u00e7lar\u0131 vb.)<br \/>Vitamin ve mineral eksikli\u011fi<br \/>V\u00fccuttaki baz\u0131 hastal\u0131klar (tiroid, diyabet, anemi, kanser vb.)<br \/>Kemoterapi<br \/>Genetik e\u011filim<br \/>Gebelik<br \/>Stres<br \/>Menopoz<br \/>Do\u011furmak<\/p><p>Pek \u00e7ok nedeni olan sa\u00e7 d\u00f6k\u00fclmesi her iki cinste de g\u00f6r\u00fclebilen bir sorundur. Sa\u00e7 d\u00f6k\u00fclmesinin kad\u0131nlar \u00fczerinde erkeklere g\u00f6re daha fazla olumsuz etkisi vard\u0131r. Sa\u00e7 d\u00f6k\u00fclmesinin yol a\u00e7t\u0131\u011f\u0131 psikolojik sorunlar kad\u0131nlarda daha s\u0131k g\u00f6r\u00fcl\u00fcr.<\/p>\t\t\t\t\t\t\t\t<\/div>\n\t\t\t\t<\/div>\n\t\t\t\t<div class=\"elementor-element elementor-element-7ec1ebf elementor-widget elementor-widget-image\" data-id=\"7ec1ebf\" data-element_type=\"widget\" data-e-type=\"widget\" data-widget_type=\"image.default\">\n\t\t\t\t<div class=\"elementor-widget-container\">\n\t\t\t\t\t\t\t\t\t\t\t\t\t\t\t<img fetchpriority=\"high\" decoding=\"async\" width=\"764\" height=\"431\" src=\"https:\/\/www.lasthairline.com\/tr\/wp-content\/uploads\/2023\/08\/fut-v-fue-image.jpg\" class=\"attachment-large size-large wp-image-6390\" alt=\"Fue\" srcset=\"https:\/\/www.lasthairline.com\/tr\/wp-content\/uploads\/2023\/08\/fut-v-fue-image.jpg 764w, https:\/\/www.lasthairline.com\/tr\/wp-content\/uploads\/2023\/08\/fut-v-fue-image-300x169.jpg 300w, https:\/\/www.lasthairline.com\/tr\/wp-content\/uploads\/2023\/08\/fut-v-fue-image-570x322.jpg 570w, https:\/\/www.lasthairline.com\/tr\/wp-content\/uploads\/2023\/08\/fut-v-fue-image-270x152.jpg 270w\" sizes=\"(max-width: 764px) 100vw, 764px\" \/>\t\t\t\t\t\t\t\t\t\t\t\t\t\t\t<\/div>\n\t\t\t\t<\/div>\n\t\t\t\t<div class=\"elementor-element elementor-element-1487f65 elementor-widget elementor-widget-text-editor\" data-id=\"1487f65\" data-element_type=\"widget\" data-e-type=\"widget\" data-widget_type=\"text-editor.default\">\n\t\t\t\t<div class=\"elementor-widget-container\">\n\t\t\t\t\t\t\t\t\t<p>Teknolojik geli\u015fmeler sa\u00e7 d\u00f6k\u00fclmesi sorununu ortadan kald\u0131rm\u0131\u015ft\u0131r. Bir\u00e7ok tekni\u011fin kullan\u0131ld\u0131\u011f\u0131 sa\u00e7 ekimi operasyonlar\u0131 ile ki\u015filer do\u011fal g\u00f6r\u00fcn\u00fcmlerine kavu\u015fabilmekte ve kendilerini daha \u00f6zg\u00fcvenli hissedebilmektedir. Bu tekniklerden biri de FUE (Follicular Unit Extraction)&#8217;dir. K\u0131sa s\u00fcrede uygulan\u0131p sonu\u00e7 veren, iz b\u0131rakmayan, kesi ve diki\u015f uygulanmayan bir \u00e7ok ki\u015fi taraf\u0131ndan tercih edilmektedir. Do\u011fal bir g\u00f6r\u00fcn\u00fcm elde etmek i\u00e7in FUE tekni\u011fini de tercih edebilirsiniz. Hayalinizdeki g\u00f6r\u00fcn\u00fcme, kal\u0131c\u0131 olarak istedi\u011finiz sa\u00e7lara ula\u015fman\u0131n en h\u0131zl\u0131 ve kolay yolu FUE tekni\u011fi ile sa\u00e7 ekimidir.<\/p><h4>FUE Tekni\u011fi Nedir?<\/h4><p>FUE (Follicular Unit Extraction) tekni\u011fi ile sa\u00e7 ekimi 2002 y\u0131l\u0131nda literat\u00fcre girmi\u015f olup \u00fclkemizde ve d\u00fcnyada yayg\u0131n olarak tercih edilen bir tekniktir. Y\u00f6ntem ilk kez 1988 y\u0131l\u0131nda Japonya&#8217;da 1 milimetrelik z\u0131mbalarla uyguland\u0131. Don\u00f6r b\u00f6lgeden al\u0131nan sa\u00e7 k\u00f6klerinin tek tek ekilmesi olarak da ifade edilebilecek FUE (Follicular Unit Extraction) tekni\u011fi art\u0131k punchlarla de\u011fil mikro motorlarla yap\u0131lmaktad\u0131r.<\/p><p>FUE (Follicular Unit Extraction) tekni\u011finin \u00f6zelliklerini \u015fu \u015fekilde s\u0131ralayabiliriz:<\/p><p>Operasyon s\u0131ras\u0131nda herhangi bir diki\u015f veya kafa derisine delme i\u015flemi uygulanmaz.<br \/>Sa\u00e7 derisinde herhangi bir hasar olmad\u0131\u011f\u0131 i\u00e7in operasyon sonras\u0131nda iz kalmaz.<br \/>FUE tekni\u011fi sakal, b\u0131y\u0131k ve ka\u015f ekimi i\u00e7in de kullan\u0131labilir.<br \/>Ameliyat sonras\u0131 iyile\u015fme s\u00fcresi \u00e7ok k\u0131sad\u0131r.<br \/>Ameliyattan sonra olu\u015fan ba\u015f a\u011fr\u0131s\u0131 hafiftir ve k\u0131sa s\u00fcrer.<br \/>Sa\u00e7lar operasyondan yakla\u015f\u0131k 6 ay sonra do\u011fal g\u00f6r\u00fcn\u00fcm\u00fcne kavu\u015fur.<br \/>Ameliyattan sonra herhangi bir sa\u011fl\u0131k sorunu ya\u015fanmaz.<br \/>Ekilen greft say\u0131s\u0131na g\u00f6re fiyat hesaplan\u0131r.<\/p><p>FUE tekni\u011fi literat\u00fcre giri\u015f tarihi ve uygulamada kullan\u0131lan ekipmanlar a\u00e7\u0131s\u0131ndan modern bir sa\u00e7 ekim y\u00f6ntemidir. Ameliyat \u00f6ncesi, s\u0131ras\u0131 ve sonras\u0131ndaki i\u015flemler k\u0131sad\u0131r. Ameliyat s\u00fcresini etkileyen fakt\u00f6rler \u015funlard\u0131r:<\/p><ul><li>Al\u0131nacak greft say\u0131s\u0131<br \/>\u0130mplant yap\u0131lacak alan\u0131n b\u00fcy\u00fckl\u00fc\u011f\u00fc<br \/>Sa\u00e7 ekiminde doktorun deneyimi<br \/>Bu fakt\u00f6rlere ba\u011fl\u0131 olarak FUE tekni\u011fi ile sa\u00e7 ekiminiz 1 ile 8 saat aras\u0131nda ger\u00e7ekle\u015fir.<\/li><\/ul><p>Eski sa\u00e7 ekimi y\u00f6ntemlerine g\u00f6re hem hasta hem de hekim i\u00e7in \u00e7ok daha konforlu bir operasyon sa\u011flayan FUE y\u00f6ntemi, daha iyi bir g\u00f6r\u00fcn\u00fcme kavu\u015fman\u0131z ve kendinizi daha iyi hissetmeniz i\u00e7in en modern sa\u00e7 ekimi y\u00f6ntemidir. Bu y\u00f6ntemle tek seansta 2500-3000 greft (ortalama 6000-6500 sa\u00e7 teli) ekilebilir, bu sayede hayalinizdeki g\u00f6r\u00fcn\u00fcme \u00e7ok daha h\u0131zl\u0131 kavu\u015fabilirsiniz. Ayr\u0131ca hormonal ve beslenme fakt\u00f6rleri, kimyasallara maruz kalma, genetik yatk\u0131nl\u0131k, sistemik hastal\u0131klar, sa\u00e7 geli\u015fim bozukluklar\u0131, kulland\u0131\u011f\u0131n\u0131z ila\u00e7lar, psikolojik stres ya da sa\u00e7 derisi hastal\u0131klar\u0131 gibi nedenlerle sa\u00e7 d\u00f6k\u00fclmeleri de ya\u015f\u0131yorsunuz ve sa\u00e7 ekimi tedavisi istiyorsan\u0131z sa\u00e7 ekimi operasyonunu tercih edebilirsiniz. Modern ve konforlu bir y\u00f6ntem olan FUE tekni\u011fi.<\/p>\t\t\t\t\t\t\t\t<\/div>\n\t\t\t\t<\/div>\n\t\t\t\t<div class=\"elementor-element elementor-element-a14ea3b elementor-widget elementor-widget-text-editor\" data-id=\"a14ea3b\" data-element_type=\"widget\" data-e-type=\"widget\" data-widget_type=\"text-editor.default\">\n\t\t\t\t<div class=\"elementor-widget-container\">\n\t\t\t\t\t\t\t\t\t<h3>Nas\u0131l Ger\u00e7ekle\u015ftirilir?<\/h3><p>Hormonal ve beslenme fakt\u00f6rleri, kimyasallara maruz kalma, genetik yatk\u0131nl\u0131k, sistemik hastal\u0131klar, sa\u00e7 geli\u015fim bozukluklar\u0131, kulland\u0131\u011f\u0131n\u0131z ila\u00e7lar, psikolojik stres ya da sa\u00e7 derisi hastal\u0131klar\u0131 nedeniyle sa\u00e7 d\u00f6k\u00fclmesi ya\u015fayabilirsiniz. Sa\u00e7 ekimi tedavisi d\u00fc\u015f\u00fcn\u00fcyorsan\u0131z d\u00fcnya \u00e7ap\u0131nda tavsiye edilen ve uygulanan y\u00f6ntem FUE (Follicular Unit Extraction) tekni\u011fi ile sa\u00e7 ekimi olacakt\u0131r. FUE tekni\u011fi, don\u00f6r b\u00f6lgeden (sa\u00e7 k\u00f6klerinin verildi\u011fi b\u00f6lge) al\u0131nan greftlerin (don\u00f6r b\u00f6lgeden al\u0131nacak deri ve sa\u00e7 k\u00f6klerinin bulundu\u011fu yap\u0131) lokal anestezi alt\u0131nda sa\u00e7s\u0131z b\u00f6lgelere yerle\u015ftirilmesi i\u015flemidir. sa\u00e7\u0131n do\u011fal a\u00e7\u0131s\u0131 ve y\u00f6n\u00fc.<\/p><p>T\u00fcrkiye&#8217;de ve d\u00fcnyada yayg\u0131n olarak tercih edilen FUE tekni\u011fi ile sa\u00e7 ekimi operasyonunun a\u015famalar\u0131 \u015fu \u015fekildedir:<\/p><p>Operasyondan \u00f6nce sa\u00e7\u0131 temizleyin, (ya\u011flama vb.)<br \/>Sa\u00e7ta j\u00f6le, k\u00f6p\u00fck vb. yok (kimyasal yok)<br \/>Operasyondan 1 hafta \u00f6nce alkol t\u00fcketiminin olmamas\u0131<br \/>Ameliyattan 1 hafta \u00f6nce sigaray\u0131 azalt\u0131n ve m\u00fcmk\u00fcnse b\u0131rak\u0131n l\u00fctfen.<br \/>Ameliyattan 1 hafta \u00f6nce v\u00fccudu yoracak kardiyo egzersizlerine ara verilmesi, v\u00fccudun fazla yorulmamas\u0131 gerekir.<br \/>Ameliyat sabah\u0131 kahvalt\u0131y\u0131 iyi yapmak ve \u00f6\u011fle yeme\u011finde hafif yiyecekler t\u00fcketmek (ameliyat s\u0131ras\u0131nda tok olmak)<br \/>Operasyon g\u00fcn\u00fc rahat k\u0131yafetler giymek,<\/p><p>FUE tekni\u011fi ile yap\u0131lan sa\u00e7 ekimi operasyonunda i\u015flem \u00f6ncesinde oldu\u011fu gibi i\u015flem sonras\u0131nda da dikkat edilmesi gereken noktalar bulunmaktad\u0131r. Bu sorunlar \u015fu \u015fekilde s\u0131ralanabilir:<\/p><p>Ameliyattan sonra istirahat<br \/>Operasyondan k\u0131sa bir s\u00fcre sonra sa\u00e7 d\u00f6k\u00fclmesi durumunda panik yapmay\u0131n, l\u00fctfen yeni ve kal\u0131c\u0131 sa\u00e7lar\u0131n \u00e7\u0131kmas\u0131n\u0131 bekleyin.<br \/>Ameliyattan sonra 6-10 saat araba ile seyahat edilmemelidir, l\u00fctfen bu t\u00fcr ara\u00e7lar\u0131 kullanmay\u0131n\u0131z.<br \/>L\u00fctfen sa\u00e7 ekim b\u00f6lgesine elinizle dokunmay\u0131n\u0131z.<br \/>Sa\u00e7 ekimi yap\u0131lan b\u00f6lgeye su de\u011fmemelidir.<br \/>Sa\u00e7 ekimi yap\u0131lan b\u00f6lge kesinlikle darbe almamal\u0131, zarar g\u00f6rmemeli, l\u00fctfen uyurken bile kontrol alt\u0131nda olunuz.<br \/>L\u00fctfen operasyondan sonra 15 g\u00fcn a\u011f\u0131r sporlara ara veriniz.<br \/>L\u00fctfen operasyondan sonra sert bir yast\u0131k \u00fczerine yatmay\u0131n.<br \/>Sa\u00e7 y\u0131kama a\u015famalar\u0131nda doktor tavsiyelerine uyunuz.<br \/>L\u00fctfen sa\u00e7lar\u0131n\u0131z\u0131 boyamaya ve sa\u00e7lar\u0131n\u0131z\u0131 kesmeye 1 ay ara verin.<\/p><p>Operasyon \u00f6ncesi ve sonras\u0131nda bu noktalara uyulursa istenilen do\u011fal g\u00f6r\u00fcn\u00fcme ula\u015fmak daha kolay ve h\u0131zl\u0131 olacakt\u0131r. A\u015fa\u011f\u0131daki fakt\u00f6rler \u00e7al\u0131\u015fma s\u00fcresini etkiler:<\/p><ul><li>Al\u0131nacak greft say\u0131s\u0131<br \/>\u0130mplant yap\u0131lacak alan\u0131n b\u00fcy\u00fckl\u00fc\u011f\u00fc<br \/>Sa\u00e7 ekiminde doktorun deneyimi<br \/>Seans say\u0131s\u0131 ve seans s\u00fcresi<\/li><\/ul>\t\t\t\t\t\t\t\t<\/div>\n\t\t\t\t<\/div>\n\t\t\t\t\t<\/div>\n\t\t<\/div>\n\t\t\t\t\t<\/div>\n\t\t<\/section>\n\t\t\t\t\t<\/div>\n\t\t<\/div>\n\t\t\t\t\t<\/div>\n\t\t<\/section>\n\t\t\t\t<\/div>\n\t\t","protected":false},"excerpt":{"rendered":"<p>FUE Sa\u00e7 Ekimi Last Hair Line T\u00fcrkiye&#8217;de FUE Sa\u00e7 Ekimi G\u00f6r\u00fcn\u00fcr bir bozuklu\u011fa yol a\u00e7an ve bireylerin \u00f6zg\u00fcvenlerini kaybetmelerine neden olan sa\u00e7 d\u00f6k\u00fclmesi \u015fu \u015fekildedir: a\u015f\u0131r\u0131 kilo kayb\u0131Kullan\u0131lan baz\u0131 ila\u00e7lar (kan suland\u0131r\u0131c\u0131lar, artrit, gut, depresyon ila\u00e7lar\u0131 vb.)Vitamin ve mineral eksikli\u011fiV\u00fccuttaki baz\u0131 hastal\u0131klar (tiroid, diyabet, anemi, kanser vb.)KemoterapiGenetik e\u011filimGebelikStresMenopozDo\u011furmak Pek \u00e7ok nedeni olan sa\u00e7 d\u00f6k\u00fclmesi her [&hellip;]<\/p>\n","protected":false},"author":1,"featured_media":0,"parent":0,"menu_order":0,"comment_status":"closed","ping_status":"closed","template":"elementor_header_footer","meta":{"footnotes":""},"class_list":["post-6383","page","type-page","status-publish","hentry"],"_links":{"self":[{"href":"https:\/\/www.lasthairline.com\/tr\/wp-json\/wp\/v2\/pages\/6383","targetHints":{"allow":["GET"]}}],"collection":[{"href":"https:\/\/www.lasthairline.com\/tr\/wp-json\/wp\/v2\/pages"}],"about":[{"href":"https:\/\/www.lasthairline.com\/tr\/wp-json\/wp\/v2\/types\/page"}],"author":[{"embeddable":true,"href":"https:\/\/www.lasthairline.com\/tr\/wp-json\/wp\/v2\/users\/1"}],"replies":[{"embeddable":true,"href":"https:\/\/www.lasthairline.com\/tr\/wp-json\/wp\/v2\/comments?post=6383"}],"version-history":[{"count":21,"href":"https:\/\/www.lasthairline.com\/tr\/wp-json\/wp\/v2\/pages\/6383\/revisions"}],"predecessor-version":[{"id":6772,"href":"https:\/\/www.lasthairline.com\/tr\/wp-json\/wp\/v2\/pages\/6383\/revisions\/6772"}],"wp:attachment":[{"href":"https:\/\/www.lasthairline.com\/tr\/wp-json\/wp\/v2\/media?parent=6383"}],"curies":[{"name":"wp","href":"https:\/\/api.w.org\/{rel}","templated":true}]}}