{"id":6416,"date":"2023-08-04T12:59:54","date_gmt":"2023-08-04T12:59:54","guid":{"rendered":"https:\/\/www.lasthairline.com\/?page_id=6416"},"modified":"2025-09-22T06:30:10","modified_gmt":"2025-09-22T06:30:10","slug":"dhi-sac-ekimi","status":"publish","type":"page","link":"https:\/\/www.lasthairline.com\/tr\/dhi-sac-ekimi\/","title":{"rendered":"DHI Sa\u00e7 Ekimi"},"content":{"rendered":"\t\t<div data-elementor-type=\"wp-page\" data-elementor-id=\"6416\" class=\"elementor elementor-6416\">\n\t\t\t\t\t\t<section class=\"elementor-section elementor-top-section elementor-element elementor-element-4cbc5c3 elementor-section-height-min-height elementor-section-boxed elementor-section-height-default elementor-section-items-middle\" data-id=\"4cbc5c3\" data-element_type=\"section\" data-e-type=\"section\" data-settings=\"{&quot;background_background&quot;:&quot;classic&quot;}\">\n\t\t\t\t\t\t<div class=\"elementor-container elementor-column-gap-default\">\n\t\t\t\t\t<div class=\"elementor-column elementor-col-100 elementor-top-column elementor-element elementor-element-02f4583\" data-id=\"02f4583\" data-element_type=\"column\" data-e-type=\"column\">\n\t\t\t<div class=\"elementor-widget-wrap elementor-element-populated\">\n\t\t\t\t\t\t<div class=\"elementor-element elementor-element-617a685 elementor-widget elementor-widget-heading\" data-id=\"617a685\" data-element_type=\"widget\" data-e-type=\"widget\" data-widget_type=\"heading.default\">\n\t\t\t\t<div class=\"elementor-widget-container\">\n\t\t\t\t\t<h2 class=\"elementor-heading-title elementor-size-default\">DHI Sa\u00e7 Ekimi<\/h2>\t\t\t\t<\/div>\n\t\t\t\t<\/div>\n\t\t\t\t\t<\/div>\n\t\t<\/div>\n\t\t\t\t\t<\/div>\n\t\t<\/section>\n\t\t\t\t<section class=\"elementor-section elementor-top-section elementor-element elementor-element-7048dae elementor-section-boxed elementor-section-height-default elementor-section-height-default\" data-id=\"7048dae\" data-element_type=\"section\" data-e-type=\"section\">\n\t\t\t\t\t\t<div class=\"elementor-container elementor-column-gap-default\">\n\t\t\t\t\t<div class=\"elementor-column elementor-col-100 elementor-top-column elementor-element elementor-element-3befdab\" data-id=\"3befdab\" data-element_type=\"column\" data-e-type=\"column\">\n\t\t\t<div class=\"elementor-widget-wrap elementor-element-populated\">\n\t\t\t\t\t\t<section class=\"elementor-section elementor-inner-section elementor-element elementor-element-42de49d elementor-reverse-tablet elementor-section-boxed elementor-section-height-default elementor-section-height-default\" data-id=\"42de49d\" data-element_type=\"section\" data-e-type=\"section\">\n\t\t\t\t\t\t<div class=\"elementor-container elementor-column-gap-default\">\n\t\t\t\t\t<div class=\"elementor-column elementor-col-100 elementor-inner-column elementor-element elementor-element-8783aae\" data-id=\"8783aae\" data-element_type=\"column\" data-e-type=\"column\" data-settings=\"{&quot;background_background&quot;:&quot;classic&quot;}\">\n\t\t\t<div class=\"elementor-widget-wrap elementor-element-populated\">\n\t\t\t\t\t\t<div class=\"elementor-element elementor-element-e9ef599 elementor-widget elementor-widget-heading\" data-id=\"e9ef599\" data-element_type=\"widget\" data-e-type=\"widget\" data-widget_type=\"heading.default\">\n\t\t\t\t<div class=\"elementor-widget-container\">\n\t\t\t\t\t<h2 class=\"elementor-heading-title elementor-size-default\">Last Hair Line<\/h2>\t\t\t\t<\/div>\n\t\t\t\t<\/div>\n\t\t\t\t<div class=\"elementor-element elementor-element-e7e2cd0 elementor-widget elementor-widget-heading\" data-id=\"e7e2cd0\" data-element_type=\"widget\" data-e-type=\"widget\" data-widget_type=\"heading.default\">\n\t\t\t\t<div class=\"elementor-widget-container\">\n\t\t\t\t\t<h2 class=\"elementor-heading-title elementor-size-default\">T\u00fcrkiye'de DHI Sa\u00e7 Ekimi<\/h2>\t\t\t\t<\/div>\n\t\t\t\t<\/div>\n\t\t\t\t<div class=\"elementor-element elementor-element-3370607 elementor-widget elementor-widget-text-editor\" data-id=\"3370607\" data-element_type=\"widget\" data-e-type=\"widget\" data-widget_type=\"text-editor.default\">\n\t\t\t\t<div class=\"elementor-widget-container\">\n\t\t\t\t\t\t\t\t\t<p>Sa\u00e7lar\u0131yla ilgili problem ya\u015fayan ve sa\u00e7 d\u00f6k\u00fclmesi nedeniyle \u00f6zg\u00fcvenini yitiren bir\u00e7ok erkek sa\u00e7 ekimi operasyonu aray\u0131\u015f\u0131ndad\u0131r. Ara\u015ft\u0131rmalar\u0131n\u0131 b\u00fcy\u00fck bir \u00f6zveri ile y\u00fcr\u00fcten ki\u015filer farkl\u0131 sa\u00e7 ekimi y\u00f6ntemlerine ula\u015fmaktad\u0131r. Sa\u00e7 ekimi yapt\u0131rmaya karar verdi\u011finizde kar\u015f\u0131n\u0131za pek \u00e7ok sa\u00e7 ekimi y\u00f6ntemi \u00e7\u0131kabilir. Bu sa\u00e7 ekim y\u00f6ntemlerinden biri de DHI Sa\u00e7 Ekimidir. Direct Hair Implantation (Direct Hair Implantation) anlam\u0131na gelen DHI Sa\u00e7 ekimi, son y\u0131llarda sa\u00e7 ekimi alan\u0131nda ortaya \u00e7\u0131kan geli\u015fmeler aras\u0131nda yer almaktad\u0131r.<\/p><h5>DHI Sa\u00e7 Ekimi \u0130le Di\u011fer Y\u00f6ntemlerin Farklar\u0131<\/h5><p>Direk Sa\u00e7 Ekimi s\u00fcrecini di\u011fer y\u00f6ntemlerden farkl\u0131 olarak tan\u0131mlamak gerekir. Bunu anlamak, FUT ve FUE aras\u0131ndaki farklar\u0131 anlamaya ba\u011fl\u0131d\u0131r. FUT sa\u00e7 ekimi y\u00f6nteminde sa\u00e7l\u0131 derinin en arkas\u0131nda yer alan sa\u00e7 k\u00f6kleri bulunmaktad\u0131r. Burada doku \u015feritleri bulunur, don\u00f6r b\u00f6lgeden \u00e7\u0131kar\u0131l\u0131r ve \u015feritler don\u00f6r olarak al\u0131c\u0131 b\u00f6lgeye implante edilir. FUT y\u00f6ntemine k\u0131yasla FUE sa\u00e7 ekim y\u00f6ntemlerinde herhangi bir kesi aleti veya kesi yap\u0131s\u0131 kullan\u0131lmaz. FUE sa\u00e7 ekiminde folik\u00fcl \u00fcniteleri dedi\u011fimiz greftleri tek tek \u00e7\u0131karmak i\u00e7in bir punch aleti kullan\u0131l\u0131r ve daha sonra \u00e7\u0131kar\u0131lan folik\u00fcller al\u0131c\u0131 alanlara ekilir. Peki DHI sa\u00e7 ekimi hangi y\u00f6ntemle yap\u0131l\u0131r?<\/p><p>FUE sa\u00e7 ekimi y\u00f6nteminde ger\u00e7ekle\u015ftirilen DHI sa\u00e7 ekimi i\u015fleminde temel bir fark vard\u0131r. Bu farkl\u0131l\u0131k do\u011frudan sa\u00e7lar\u0131n ekilme \u015fekli ile ilgilidir. Bilinmesi gereken \u00f6zelliklerden biri de DHI sa\u00e7 ekiminin patentli bir aletle yap\u0131lmas\u0131 ve al\u0131nan her don\u00f6r greftin kesiye gerek kalmadan al\u0131c\u0131 b\u00f6lgeye ekilmek \u00fczere bu kaleme yerle\u015ftirilmesidir. Bu i\u015flem s\u0131ras\u0131nda robotik ad\u0131 verilen sa\u00e7 kesme sistemleri de uygulanabilmekte ve bu sistem her sa\u00e7 k\u00f6k\u00fcn\u00fcn derinli\u011fini ve a\u00e7\u0131s\u0131n\u0131 belirlemektedir. Bu i\u015flemler robotik folik\u00fcler \u00fcnite al\u0131m\u0131 olarak sa\u00e7 ekimi alan\u0131na da girmektedir.<\/p>\t\t\t\t\t\t\t\t<\/div>\n\t\t\t\t<\/div>\n\t\t\t\t<div class=\"elementor-element elementor-element-1487f65 elementor-widget elementor-widget-text-editor\" data-id=\"1487f65\" data-element_type=\"widget\" data-e-type=\"widget\" data-widget_type=\"text-editor.default\">\n\t\t\t\t<div class=\"elementor-widget-container\">\n\t\t\t\t\t\t\t\t\t<h6>DHI Sa\u00e7 Ekimi \u0130\u00e7in Uygun Bir Aday M\u0131s\u0131n\u0131z?<\/h6><p>T\u00fcm ekim y\u00f6ntemlerinde oldu\u011fu gibi DHI Sa\u00e7 ekimi i\u015flemlerinde de uygunluk ko\u015fullar\u0131 aran\u0131r. Last Hair Line ekibi olarak DHI sa\u00e7 ekimine uygunlu\u011funuzu inceliyor, istekleriniz do\u011frultusunda tedavi planlar\u0131 yap\u0131yor ve kendinize en uygun ekim y\u00f6ntemini se\u00e7menize yard\u0131mc\u0131 oluyoruz. DHI Sa\u00e7 ekimi i\u00e7in uygun aday olma kriterlerini a\u015fa\u011f\u0131da bulabilirsiniz:<\/p><p>Bu teknikte di\u011fer y\u00f6ntemlere g\u00f6re sa\u00e7 ekimi yap\u0131lacak hastan\u0131n kafa b\u00f6lgesindeki farkl\u0131 b\u00f6lgelerden vericinin sa\u00e7lar\u0131 al\u0131n\u0131r. Bu don\u00f6rler sa\u00e7 \u00f6rt\u00fcs\u00fcne g\u00f6re al\u0131n\u0131r ve yo\u011funluk derecesi di\u011ferlerine g\u00f6re daha y\u00fcksektir.<br \/>Tek bir b\u00f6lgede sa\u00e7 d\u00f6k\u00fclmesi ya\u015fayan bir\u00e7ok hastan\u0131n DHI sa\u00e7 ekimi tekni\u011fine uygun oldu\u011fu bilinmektedir. Bunun sebebi ise DHI tekni\u011finin kullan\u0131m\u0131 i\u00e7in \u00e7ok y\u00fcksek ve yo\u011fun bir sa\u00e7 ekimi sa\u011flamas\u0131d\u0131r.<br \/>DHI tekni\u011finde ya\u015f s\u0131n\u0131r\u0131 vard\u0131r ve bu teknik 18 ya\u015f ve \u00fczerindeki hastalara uygulanmaktad\u0131r.<br \/>Bu teknik d\u00fcz sa\u00e7a uygulanabilir. Baz\u0131 durumlarda bu de\u011fi\u015fkenlik g\u00f6sterebilmekte ve ince telli ve k\u0131v\u0131rc\u0131k sa\u00e7 tiplerinde de ayn\u0131 rahatl\u0131kla ekim yap\u0131labilece\u011fi g\u00f6zlemlenmi\u015ftir.<\/p><h6><br \/>DHI Tekni\u011fi \u0130steyen Kad\u0131nlarda Sa\u00e7 Ekimi Nas\u0131l Yap\u0131l\u0131r?<\/h6><p>Bu teknik sadece erkeklerde de\u011fil kad\u0131nlarda da uygulanabilmektedir. Bu s\u00fcre\u00e7te cinsiyetten \u00e7ok sa\u00e7\u0131n imaj\u0131 \u00f6nemli rol oynar. Sa\u00e7 d\u00f6k\u00fclmesi t\u00fcm d\u00fcnyada sadece erkeklerin sorunu olmakla birlikte kad\u0131nlarda da g\u00f6r\u00fclmektedir. Kad\u0131nlar i\u00e7in baz\u0131 kozmetik \u00fcr\u00fcnler daha iyi bir g\u00f6r\u00fcn\u00fcm i\u00e7in kal\u0131c\u0131 bir \u00e7\u00f6z\u00fcm de\u011fildir. Kal\u0131c\u0131 bir \u00e7\u00f6z\u00fcm elde etmek i\u00e7in DHI tekni\u011fi ile sa\u00e7 ekimi yap\u0131lmal\u0131d\u0131r.<\/p><h6>DHI Tekni\u011fi \u0130le Ad\u0131m Ad\u0131m Sa\u00e7 Ekimi<\/h6><p>\u0130lk a\u015fama haz\u0131rl\u0131k a\u015famas\u0131 olarak bilinir ve doktor hastaya sa\u00e7 analizi yapar. Bu haz\u0131rl\u0131k a\u015famas\u0131n\u0131n son a\u015famalar\u0131nda doktor taraf\u0131ndan yap\u0131lan analizin durumuna g\u00f6re ve hastan\u0131n istekleri do\u011frultusunda tekni\u011fe karar verilir.<br \/>\u0130kinci a\u015fama lokal anestezinin uygulanaca\u011f\u0131 a\u015fama olarak bilinir. Bu a\u015fama yakla\u015f\u0131k be\u015f dakikada tamamlan\u0131r. Bu d\u00f6nemde hastan\u0131n ameliyat haz\u0131rl\u0131klar\u0131 da ba\u015flar.<br \/>\u00dc\u00e7\u00fcnc\u00fc a\u015famada ise belirlenen b\u00f6lgelerden greftler toplan\u0131r ve \u00e7\u0131kan greft DHI kalemine yerle\u015ftirilir. Greftler, greftlerin al\u0131nabilece\u011fi don\u00f6r b\u00f6lgeden al\u0131n\u0131r ve ard\u0131ndan ekim i\u015flemi ba\u015flar.<br \/>Son a\u015famada ise sa\u00e7 k\u00f6kleri al\u0131c\u0131 b\u00f6lgelere ekilir. Bu a\u015famada doktor taraf\u0131ndan ince bir \u00e7al\u0131\u015fma uygulanarak sa\u00e7l\u0131 deride \u00f6nceden belirlenen b\u00f6lgelerde minik kanallar a\u00e7\u0131l\u0131r ve sa\u00e7 k\u00f6kleri bu kanallara ekilir. Bu a\u015famadan sonra DHI sa\u00e7 ekimi i\u015flemi tamamlanm\u0131\u015f olur.<\/p><h6><br \/>DHI Y\u00f6nteminden Sonra \u0130yile\u015fme A\u015famas\u0131<\/h6><p>Sa\u00e7 ekimi DHI tekni\u011fi kullan\u0131larak ger\u00e7ekle\u015ftirilir. DHI sa\u00e7 ekiminin di\u011fer y\u00f6ntemlere g\u00f6re en b\u00fcy\u00fck avantaj\u0131 daha h\u0131zl\u0131 iyile\u015fme s\u00fcrecidir ve bu teknik genellikle h\u0131zl\u0131 iyile\u015fme nedeniyle hastalar taraf\u0131ndan tercih edilir. Ciltteki k\u00fc\u00e7\u00fck kabuklar\u0131n d\u00f6k\u00fclmesi bir hafta kadar s\u00fcrer. Sa\u00e7 ekimi sonras\u0131 \u015fok sa\u00e7 d\u00f6k\u00fclmesi yakla\u015f\u0131k \u00fc\u00e7 hafta s\u00fcrer. Bu s\u00fcre\u00e7 doktorlar taraf\u0131ndan \u201cnormal bir s\u00fcre\u00e7\u201d olarak kabul edilmektedir.<\/p><p>Bu noktada hastalar\u0131n pani\u011fe kap\u0131lmamas\u0131 ve doktorun talimatlar\u0131na kulak vermesi \u00e7ok \u00f6nemli bir ad\u0131md\u0131r. Sa\u00e7 ekimi, di\u011fer t\u0131bbi i\u015flemlere g\u00f6re sab\u0131r seviyesinin en y\u00fcksek olmas\u0131 gereken alanlardan biridir. Sa\u00e7lar\u0131n uzamaya ba\u015flamas\u0131 \u00fc\u00e7 ay s\u00fcrer. \u00d6n\u00fcm\u00fczdeki \u00fc\u00e7 ay i\u00e7inde sa\u00e7lar\u0131n uzama s\u00fcreci ba\u015flayacakt\u0131r.<\/p><p>DHI Sa\u00e7 Ekiminin Y\u00f6ntem Avantajlar\u0131<br \/>Bu teknik, di\u011fer tekniklere g\u00f6re sa\u00e7 dokusunun daha sa\u011fl\u0131kl\u0131 bir \u015fekilde ekilmesini sa\u011flar.<br \/>Bu tedavi y\u00f6nteminde kesinlikle kesiye gerek yoktur.<br \/>Sa\u00e7 k\u00f6klerinin derinli\u011fi, a\u00e7\u0131s\u0131 ve y\u00f6n\u00fc a\u00e7\u0131s\u0131ndan kontrol\u00fcn en \u00fcst d\u00fczeyde oldu\u011fu bir y\u00f6ntemdir.<br \/>Bu y\u00f6ntemde riskler minimumdur.<\/p><h6><br \/>Kimler DHI Sa\u00e7 Ekimi \u0130\u00e7in \u0130yi Bir Adayd\u0131r?<\/h6><p>DHI Sa\u00e7 Ekimi y\u00f6ntemine \u015fiddetli sa\u00e7 d\u00f6k\u00fclmesi ya\u015fayan her aday ba\u015fvurabilir. Uzun s\u00fcredir sa\u00e7 d\u00f6k\u00fclmesi ya\u015fayan ve son zamanlarda \u015fiddetli sa\u00e7 d\u00f6k\u00fclmesi ya\u015fayan herkes sa\u00e7 ekimi yapt\u0131rmak istiyorsa Last Hair Line ile ileti\u015fime ge\u00e7ebilir ve randevu alabilir.<\/p><h6>DHI Sa\u00e7 Ekiminin Y\u00f6ntem Avantajlar\u0131<\/h6><p>Bu y\u00f6ntemde gerekli olan baz\u0131 fakt\u00f6rler fiyatlar\u0131 etkilemektedir. DHI sa\u00e7 ekimi fiyatlar\u0131 farkl\u0131 fakt\u00f6rlere g\u00f6re de\u011fi\u015fiklik g\u00f6sterebilmektedir.<\/p><h6>A\u015f\u0131 Eleman\u0131<\/h6><p>Sa\u00e7 yo\u011funlu\u011funuza g\u00f6re greftlere farkl\u0131 i\u015flemler uygulanabilir. Di\u011fer sa\u00e7 ekim y\u00f6ntemlerinde oldu\u011fu gibi bu i\u015flemin de fiyat\u0131n\u0131 etkileyebilecek en \u00f6nemli konu greft say\u0131s\u0131d\u0131r.<\/p><p>Ekim yap\u0131lacak b\u00f6lgeye ne kadar \u00e7ok greft ekilecekse fiyat o kadar y\u00fcksek olacakt\u0131r.<\/p><h6>Doktor Eleman\u0131<\/h6><p>Last Hair Line olarak sizlere en iyi deneyimi ya\u015fatmak i\u00e7in var g\u00fcc\u00fcm\u00fczle \u00e7al\u0131\u015f\u0131yoruz.<\/p><p>Ba\u015far\u0131 oran\u0131m\u0131z, T\u00fcrkiye&#8217;deki di\u011fer firmalara k\u0131yasla Last Hair Line&#8217;\u0131n piyasadaki en iyi hizmeti verdi\u011fini g\u00f6stermektedir. DHI yeni bir teknik oldu\u011fu i\u00e7in bunu yapabilen operasyon ekiplerinin say\u0131s\u0131 halen \u00e7ok s\u0131n\u0131rl\u0131d\u0131r. Last Hair Line ekibi, cerrahlar\u0131n\u0131n bu alandaki uzmanl\u0131\u011f\u0131 ile sizlere en iyi hizmeti vermeyi ama\u00e7 edinmi\u015ftir.<\/p>\t\t\t\t\t\t\t\t<\/div>\n\t\t\t\t<\/div>\n\t\t\t\t\t<\/div>\n\t\t<\/div>\n\t\t\t\t\t<\/div>\n\t\t<\/section>\n\t\t\t\t\t<\/div>\n\t\t<\/div>\n\t\t\t\t\t<\/div>\n\t\t<\/section>\n\t\t\t\t<\/div>\n\t\t","protected":false},"excerpt":{"rendered":"<p>DHI Sa\u00e7 Ekimi Last Hair Line T\u00fcrkiye&#8217;de DHI Sa\u00e7 Ekimi Sa\u00e7lar\u0131yla ilgili problem ya\u015fayan ve sa\u00e7 d\u00f6k\u00fclmesi nedeniyle \u00f6zg\u00fcvenini yitiren bir\u00e7ok erkek sa\u00e7 ekimi operasyonu aray\u0131\u015f\u0131ndad\u0131r. Ara\u015ft\u0131rmalar\u0131n\u0131 b\u00fcy\u00fck bir \u00f6zveri ile y\u00fcr\u00fcten ki\u015filer farkl\u0131 sa\u00e7 ekimi y\u00f6ntemlerine ula\u015fmaktad\u0131r. Sa\u00e7 ekimi yapt\u0131rmaya karar verdi\u011finizde kar\u015f\u0131n\u0131za pek \u00e7ok sa\u00e7 ekimi y\u00f6ntemi \u00e7\u0131kabilir. Bu sa\u00e7 ekim y\u00f6ntemlerinden biri [&hellip;]<\/p>\n","protected":false},"author":1,"featured_media":0,"parent":0,"menu_order":0,"comment_status":"closed","ping_status":"closed","template":"elementor_header_footer","meta":{"footnotes":""},"class_list":["post-6416","page","type-page","status-publish","hentry"],"_links":{"self":[{"href":"https:\/\/www.lasthairline.com\/tr\/wp-json\/wp\/v2\/pages\/6416","targetHints":{"allow":["GET"]}}],"collection":[{"href":"https:\/\/www.lasthairline.com\/tr\/wp-json\/wp\/v2\/pages"}],"about":[{"href":"https:\/\/www.lasthairline.com\/tr\/wp-json\/wp\/v2\/types\/page"}],"author":[{"embeddable":true,"href":"https:\/\/www.lasthairline.com\/tr\/wp-json\/wp\/v2\/users\/1"}],"replies":[{"embeddable":true,"href":"https:\/\/www.lasthairline.com\/tr\/wp-json\/wp\/v2\/comments?post=6416"}],"version-history":[{"count":21,"href":"https:\/\/www.lasthairline.com\/tr\/wp-json\/wp\/v2\/pages\/6416\/revisions"}],"predecessor-version":[{"id":6766,"href":"https:\/\/www.lasthairline.com\/tr\/wp-json\/wp\/v2\/pages\/6416\/revisions\/6766"}],"wp:attachment":[{"href":"https:\/\/www.lasthairline.com\/tr\/wp-json\/wp\/v2\/media?parent=6416"}],"curies":[{"name":"wp","href":"https:\/\/api.w.org\/{rel}","templated":true}]}}